{"id":175,"date":"2020-03-06T11:44:00","date_gmt":"2020-03-06T11:44:00","guid":{"rendered":"https:\/\/weedbuster.dk\/?page_id=175"},"modified":"2020-03-06T11:44:01","modified_gmt":"2020-03-06T11:44:01","slug":"referencer","status":"publish","type":"page","link":"https:\/\/weedbuster.dk\/sv\/referencer\/","title":{"rendered":"Referenser"},"content":{"rendered":"<h1 class=\"wp-block-heading\">Referencer och l\u00e4nkar<\/h1>\n\n\n\n<p>Stevnsfisker.dk<br>Kystfisker.com<\/p>\n\n\n\n<p><strong>FiskeAvisen 2. maj 2012<\/strong>\"Fisktidningen har bett ett antal av v\u00e5ra kustskribenter att testa WeedBuster och all feedback har varit positiv. Produkten fungerar som den ska, och p\u00e5verkar inte betet i vattnet.\u201d<a rel=\"noreferrer noopener\" href=\"http:\/\/eavis.fiskeavisen.dk\/fiskeavisen\/100\/23%C2%A0\" target=\"_blank\">http:\/\/eavis.fiskeavisen.dk\/fiskeavisen\/100\/23\u00a0<\/a><\/p>\n\n\n\n<p><strong>Uttalande till Stevnsfiskar.dk<\/strong>\"Ja, s\u00e5 fick jag n\u00f6jet att prova Weedbuster under g\u00e5rdagens fiskning, och det var verkligen en positiv upplevelse. \nDet var som du vet gott med drivande \u00e5lgr\u00e4s i vattnet, och vid ett tillf\u00e4lle blev det ganska f\u00f6r\u00f6dande f\u00f6r fiskandet. En Weedbuster monterades p\u00e5 Siwashkroken \u2013 och helt pl\u00f6tsligt l\u00f6ste sig problemet. \n\nDet r\u00e5der ingen tvekan om att jag i framtiden kommer att ha Weedbuster med mig n\u00e4r jag ska ut och fiska. \n\nDet \u00e4r en J\u00c4TTE bra uppfinning som trots sitt lite primitiva utseende \u00e4r v\u00e4ldigt effektiv. Viktigast av allt s\u00e5 kan den r\u00e4dda en fisketur som annars skulle ha f\u00f6rst\u00f6rts av t\u00e5ng i vattnet.\u201d<a rel=\"noreferrer noopener\" href=\"http:\/\/stevnsfisker.blogspot.com\/2012\/03\/genial-opfindelse.html\" target=\"_blank\">http:\/\/stevnsfisker.blogspot.com\/2012\/03\/genial-opfindelse.html<\/a><\/p>\n\n\n\n<p><strong>Bornholms Tidende, 12. maj 2012\u00a0<em>Utdrag fr\u00e5n journalisten J\u00f8rgen Clausens recension:<\/em><\/strong>Sommarhalv\u00e5ret bjuder p\u00e5 b\u00e4ttre havs\u00f6ringsfiske \u00e4n f\u00f6rv\u00e4ntat. Drivande \u00e5lgr\u00e4s kan dock g\u00f6ra det om\u00f6jligt att fiska. Det problemet har Kasper N\u00f8rregaard Ipsen fr\u00e5n Hasle nu funnit en l\u00f6sning p\u00e5 som han har presenterat f\u00f6r mig; en ny produkt p\u00e5 marknaden som heter WeedBuster.\n\nWeedBuster f\u00f6rhindrar att t\u00e5ngen f\u00e5ngas och fastnar i kroken - allts\u00e5 i halvcirkeln mellan \u00f6glan och krokspetsen. WeedBuster fungerar genom att st\u00e4nga denna halvcirkel s\u00e5 att t\u00e5ngen inte fastnar.\n Weedbuster best\u00e5r av ett plastr\u00f6r som \u00e4r speciellt utformat till \u00e4ndam\u00e5let, med ett stift i ena \u00e4nden. Stiftet s\u00e4tts fast i krok\u00f6glan och plastr\u00f6ret f\u00f6rs \u00f6ver krokspetsen. N\u00e4r fisken nappar bryts det specialutvecklade plastr\u00f6ret s\u00e5 krokspetsen blottas - och fisken fastnar p\u00e5 kroken som vanligt.\n\nEfter att ha testat att fiska med den i n\u00e5gra m\u00e5nader har Kasper m\u00e4rkt den effektivt undviker t\u00e5ng p\u00e5 kroken och krokar fisken bra. Weedbuster \u00e4r utvecklad och tillverkad i Danmark.<\/p>","protected":false},"excerpt":{"rendered":"<p>Referencer og links Stevnsfisker.dkKystfisker.com FiskeAvisen 2. maj 2012\u201cFiskeAvisen har haft en r\u00e6kke af vores kystskribenter til at teste WeedBuster, og tilbagemeldingerne har alle v\u00e6ret positive. Anordningen virker efter hensigten og har heller ikke p\u00e5virket agnens gang i vandet.\u201dhttp:\/\/eavis.fiskeavisen.dk\/fiskeavisen\/100\/23\u00a0 Kommentar til Stevnsfisker.dk\u201cJa, s\u00e5 fik jeg forn\u00f8jelsen af at pr\u00f8ve Weedbuster under g\u00e5rsdagens fiskeri, og det var [&#8230;]","protected":false},"author":2,"featured_media":0,"parent":0,"menu_order":0,"comment_status":"closed","ping_status":"closed","template":"","meta":{"footnotes":""},"class_list":["post-175","page","type-page","status-publish","hentry"],"yoast_head":"<!-- This site is optimized with the Yoast SEO plugin v27.4 - https:\/\/yoast.com\/product\/yoast-seo-wordpress\/ -->\n<title>Referencer - Undg\u00e5 tang p\u00e5 krogen!<\/title>\n<meta name=\"robots\" content=\"noindex, follow, max-snippet:-1, max-image-preview:large, max-video-preview:-1\" \/>\n<meta property=\"og:locale\" content=\"sv_SE\" \/>\n<meta property=\"og:type\" content=\"article\" \/>\n<meta property=\"og:title\" content=\"Referencer - Undg\u00e5 tang p\u00e5 krogen!\" \/>\n<meta property=\"og:description\" content=\"Referencer og links Stevnsfisker.dkKystfisker.com FiskeAvisen 2. maj 2012\u201cFiskeAvisen har haft en r\u00e6kke af vores kystskribenter til at teste WeedBuster, og tilbagemeldingerne har alle v\u00e6ret positive. Anordningen virker efter hensigten og har heller ikke p\u00e5virket agnens gang i vandet.\u201dhttp:\/\/eavis.fiskeavisen.dk\/fiskeavisen\/100\/23\u00a0 Kommentar til Stevnsfisker.dk\u201cJa, s\u00e5 fik jeg forn\u00f8jelsen af at pr\u00f8ve Weedbuster under g\u00e5rsdagens fiskeri, og det var [...]\" \/>\n<meta property=\"og:url\" content=\"https:\/\/weedbuster.dk\/sv\/referencer\/\" \/>\n<meta property=\"og:site_name\" content=\"Weedbuster\" \/>\n<meta property=\"article:modified_time\" content=\"2020-03-06T11:44:01+00:00\" \/>\n<meta name=\"twitter:card\" content=\"summary_large_image\" \/>\n<meta name=\"twitter:label1\" content=\"Ber\u00e4knad l\u00e4stid\" \/>\n\t<meta name=\"twitter:data1\" content=\"2 minuter\" \/>\n<script type=\"application\/ld+json\" class=\"yoast-schema-graph\">{\"@context\":\"https:\\\/\\\/schema.org\",\"@graph\":[{\"@type\":\"WebPage\",\"@id\":\"https:\\\/\\\/weedbuster.dk\\\/referencer\\\/\",\"url\":\"https:\\\/\\\/weedbuster.dk\\\/referencer\\\/\",\"name\":\"Referencer - Undg\u00e5 tang p\u00e5 krogen!\",\"isPartOf\":{\"@id\":\"https:\\\/\\\/weedbuster.dk\\\/#website\"},\"datePublished\":\"2020-03-06T11:44:00+00:00\",\"dateModified\":\"2020-03-06T11:44:01+00:00\",\"breadcrumb\":{\"@id\":\"https:\\\/\\\/weedbuster.dk\\\/referencer\\\/#breadcrumb\"},\"inLanguage\":\"sv-SE\",\"potentialAction\":[{\"@type\":\"ReadAction\",\"target\":[\"https:\\\/\\\/weedbuster.dk\\\/referencer\\\/\"]}]},{\"@type\":\"BreadcrumbList\",\"@id\":\"https:\\\/\\\/weedbuster.dk\\\/referencer\\\/#breadcrumb\",\"itemListElement\":[{\"@type\":\"ListItem\",\"position\":1,\"name\":\"Hjem\",\"item\":\"https:\\\/\\\/weedbuster.dk\\\/\"},{\"@type\":\"ListItem\",\"position\":2,\"name\":\"Referencer\"}]},{\"@type\":\"WebSite\",\"@id\":\"https:\\\/\\\/weedbuster.dk\\\/#website\",\"url\":\"https:\\\/\\\/weedbuster.dk\\\/\",\"name\":\"Weedbuster\",\"description\":\"Undg\u00e5 tang p\u00e5 krogen\",\"potentialAction\":[{\"@type\":\"SearchAction\",\"target\":{\"@type\":\"EntryPoint\",\"urlTemplate\":\"https:\\\/\\\/weedbuster.dk\\\/?s={search_term_string}\"},\"query-input\":{\"@type\":\"PropertyValueSpecification\",\"valueRequired\":true,\"valueName\":\"search_term_string\"}}],\"inLanguage\":\"sv-SE\"}]}<\/script>\n<!-- \/ Yoast SEO plugin. -->","yoast_head_json":{"title":"Referencer - Undg\u00e5 tang p\u00e5 krogen!","robots":{"index":"noindex","follow":"follow","max-snippet":"max-snippet:-1","max-image-preview":"max-image-preview:large","max-video-preview":"max-video-preview:-1"},"og_locale":"sv_SE","og_type":"article","og_title":"Referencer - Undg\u00e5 tang p\u00e5 krogen!","og_description":"Referencer og links Stevnsfisker.dkKystfisker.com FiskeAvisen 2. maj 2012\u201cFiskeAvisen har haft en r\u00e6kke af vores kystskribenter til at teste WeedBuster, og tilbagemeldingerne har alle v\u00e6ret positive. Anordningen virker efter hensigten og har heller ikke p\u00e5virket agnens gang i vandet.\u201dhttp:\/\/eavis.fiskeavisen.dk\/fiskeavisen\/100\/23\u00a0 Kommentar til Stevnsfisker.dk\u201cJa, s\u00e5 fik jeg forn\u00f8jelsen af at pr\u00f8ve Weedbuster under g\u00e5rsdagens fiskeri, og det var [...]","og_url":"https:\/\/weedbuster.dk\/sv\/referencer\/","og_site_name":"Weedbuster","article_modified_time":"2020-03-06T11:44:01+00:00","twitter_card":"summary_large_image","twitter_misc":{"Ber\u00e4knad l\u00e4stid":"2 minuter"},"schema":{"@context":"https:\/\/schema.org","@graph":[{"@type":"WebPage","@id":"https:\/\/weedbuster.dk\/referencer\/","url":"https:\/\/weedbuster.dk\/referencer\/","name":"Referencer - Undg\u00e5 tang p\u00e5 krogen!","isPartOf":{"@id":"https:\/\/weedbuster.dk\/#website"},"datePublished":"2020-03-06T11:44:00+00:00","dateModified":"2020-03-06T11:44:01+00:00","breadcrumb":{"@id":"https:\/\/weedbuster.dk\/referencer\/#breadcrumb"},"inLanguage":"sv-SE","potentialAction":[{"@type":"ReadAction","target":["https:\/\/weedbuster.dk\/referencer\/"]}]},{"@type":"BreadcrumbList","@id":"https:\/\/weedbuster.dk\/referencer\/#breadcrumb","itemListElement":[{"@type":"ListItem","position":1,"name":"Hjem","item":"https:\/\/weedbuster.dk\/"},{"@type":"ListItem","position":2,"name":"Referencer"}]},{"@type":"WebSite","@id":"https:\/\/weedbuster.dk\/#website","url":"https:\/\/weedbuster.dk\/","name":"Weedbuster","description":"Undg\u00e5 tang p\u00e5 krogen","potentialAction":[{"@type":"SearchAction","target":{"@type":"EntryPoint","urlTemplate":"https:\/\/weedbuster.dk\/?s={search_term_string}"},"query-input":{"@type":"PropertyValueSpecification","valueRequired":true,"valueName":"search_term_string"}}],"inLanguage":"sv-SE"}]}},"_links":{"self":[{"href":"https:\/\/weedbuster.dk\/sv\/wp-json\/wp\/v2\/pages\/175","targetHints":{"allow":["GET"]}}],"collection":[{"href":"https:\/\/weedbuster.dk\/sv\/wp-json\/wp\/v2\/pages"}],"about":[{"href":"https:\/\/weedbuster.dk\/sv\/wp-json\/wp\/v2\/types\/page"}],"author":[{"embeddable":true,"href":"https:\/\/weedbuster.dk\/sv\/wp-json\/wp\/v2\/users\/2"}],"replies":[{"embeddable":true,"href":"https:\/\/weedbuster.dk\/sv\/wp-json\/wp\/v2\/comments?post=175"}],"version-history":[{"count":0,"href":"https:\/\/weedbuster.dk\/sv\/wp-json\/wp\/v2\/pages\/175\/revisions"}],"wp:attachment":[{"href":"https:\/\/weedbuster.dk\/sv\/wp-json\/wp\/v2\/media?parent=175"}],"curies":[{"name":"wp","href":"https:\/\/api.w.org\/{rel}","templated":true}]}}