{"id":181,"date":"2020-03-07T06:36:39","date_gmt":"2020-03-07T06:36:39","guid":{"rendered":"https:\/\/weedbuster.dk\/?page_id=181"},"modified":"2020-03-07T06:36:40","modified_gmt":"2020-03-07T06:36:40","slug":"handelsbetingelser","status":"publish","type":"page","link":"https:\/\/weedbuster.dk\/sv\/handelsbetingelser\/","title":{"rendered":"Handelsvillkor"},"content":{"rendered":"<h1 class=\"wp-block-heading\">Handelsvillkor<\/h1>\n\n\n\n<p><strong>FIRMA ERIK LETH<\/strong><br>Bautavej 6<br>4671 Str\u00f8by<br>TLF:&nbsp;<a href=\"tel:+45 40 54 67 80\">+45 40 54 67 80<\/a><br>Virk.nr. 54 66 69 50<\/p>\n\n\n\n<h2 class=\"wp-block-heading\">Betaling<\/h2>\n\n\n\n<p>FIRMA ERIK LETH modtager online betalinger med Visa, Mastercard, Mobilepay Online.<\/p>\n\n\n\n<p>Betaling vil f\u00f8rst blive trukket p\u00e5 din konto, n\u00e5r den fysiske vare afsendes eller det virtuelle produkt er oprettet med mindre andet er aftalt eller fremg\u00e5r af din ordre.<\/p>\n\n\n\n<p>Alle bel\u00f8b p\u00e5 hjemmesiden er inklusiv moms.<br>Hjemmesiden bruger f\u00f8lgende valutaer til priss\u00e6tning:<br>Denmark \u2013 Kroner (DKK), Euro (EUR), Sweden \u2013 Kronor (SEK)<\/p>\n\n\n\n<p>FIRMA ERIK LETH benytter en sikker betalingsserver, der krypterer alle oplysninger med SSL protokol hvilket betyder din data er sikker og ikke kan l\u00e6ses af andre udefrakommende.<\/p>\n\n\n\n<p>FIRMA ERIK LETH\u2019s egen hjemmeside bruger ligeledes kryptering med SSL protokol.<\/p>\n\n\n\n<h2 class=\"wp-block-heading\">Levering<\/h2>\n\n\n\n<p>Leveringstiden for din ordre er .<\/p>\n\n\n\n<p>FIRMA ERIK LETH afsender varer med f\u00f8lgende:<\/p>\n\n\n\n<p>POSTNORD, GLS<\/p>\n\n\n\n<h2 class=\"wp-block-heading\">Fortrydelsesret<\/h2>\n\n\n\n<p>Der gives 14 dages fuld returret p\u00e5 varer k\u00f8bt p\u00e5 hjemmesiden med mindre andet er aftalt eller fremg\u00e5r af din ordre.<\/p>\n\n\n\n<p>Den 14 dags periode starter den dag hvor ordren er leveret.<\/p>\n\n\n\n<p>Eventuelle returneringsomkostninger afholder du selv.<\/p>\n\n\n\n<p>\u00d8nske om fortrydelse skal meddeles os senest 14 efter leveringen og v\u00e6re os i h\u00e6nde seneste 14 dage efter vi er informeret om dit brug af fortrydelsesretten.<\/p>\n\n\n\n<p>\u00d8nske om brug af fortrydelsesret skal gives sendes p\u00e5 mail&nbsp;<a href=\"mailto:erikleth@teksttilsalg.dk\">erikleth@teksttilsalg.dk<\/a>. I meddelelsen skal der g\u00f8res tydeligt opm\u00e6rksom p\u00e5 dit \u00f8nske om brugen af fortrydelsesret.<\/p>\n\n\n\n<h2 class=\"wp-block-heading\">Varens stand ved returnering<\/h2>\n\n\n\n<p>Du h\u00e6fter for den forringelse af varens v\u00e6rdi, som skyldes anden h\u00e5ndtering, end hvad der er n\u00f8dvendigt for at fastsl\u00e5 varens art, egenskaber og funktion. Dette betyder at du m\u00e5 pr\u00f8ve varen p\u00e5 samme m\u00e5de som hvis du handlede i en fysisk butik.<\/p>\n\n\n\n<p>Hvis varen er pr\u00f8vet udover, hvad der er beskrevet ovenfor, betragtes den som brugt og af forringet v\u00e6rdi. Dette betyder, at du ved fortrydelse af k\u00f8bet f\u00e5r en mindre del eller intet af k\u00f8bsbel\u00f8bet retur. Det er op til FIRMA ERIK LETH at vurdere varens stand.<\/p>\n\n\n\n<h2 class=\"wp-block-heading\">Reklamationsret<\/h2>\n\n\n\n<p>Der gives 2 \u00e5rs reklamationsret p\u00e5 produkter i henhold til den danske k\u00f8belov. Reklamationsretten g\u00e6lder for alle fejl i software, materiale og fabrikation.<\/p>\n\n\n\n<p>Reklamation vedr. fejl og mangler skal meddeles til FIRMA ERIK LETH i rimelig tid efter varens modtagelse.&nbsp;\u2028Her anses max. to m\u00e5neder som rimelig tid, med mindre andet er aftalt. Vi refunderer rimelige fragtomkostninger.<\/p>\n\n\n\n<p>Reklamationen frafalder ved forkert eller ualmindelig betjening af produktet.<\/p>\n\n\n\n<p>FIRMA ERIK LETH d\u00e6kker returneringsomkostningerne i rimeligt omfang.<\/p>\n\n\n\n<p>Ved returnering kontaktes virksomheden:<\/p>\n\n\n\n<p><strong>FIRMA ERIK LETH<\/strong><br>Bautavej 6<br>4671 Str\u00f8by<br>TLF:&nbsp;<a href=\"tel:+45 40 54 67 80\">+45 40 54 67 80<\/a><\/p>\n\n\n\n<p>Reklamationer modtages&nbsp;<strong>ikke<\/strong>&nbsp;hvis disse er sendt p\u00e5 efterkrav.<\/p>\n\n\n\n<h2 class=\"wp-block-heading\">Kunde- &amp; Privatlivspolitik<\/h2>\n\n\n\n<p>Vi videres\u00e6lger ikke personlige oplysninger og videregiver ikke dine personlige oplysninger til andre, de er kun registreret i vores kundekartotek. Du kan til enhver tid f\u00e5 slettet dine oplysninger.<\/p>\n\n\n\n<p>For at du kan indg\u00e5 aftale med FIRMA ERIK LETH, har vi brug for f\u00f8lgende oplysninger:<br>. Navn<br>. Adresse<br>. Telefonnummer<br>. E-mail adresse<\/p>\n\n\n\n<p>Vi foretager registreringen af dine personoplysninger med det form\u00e5l, at kunne levere varen til dig.<\/p>\n\n\n\n<p>Personoplysningerne registreres hos FIRMA ERIK LETH og opbevares i op til fem \u00e5r, hvorefter oplysningerne slettes.<\/p>\n\n\n\n<p>N\u00e5r der indsamles personoplysninger via vores hjemmeside, sikrer vi, at det altid sker ved afgivelse af dit udtrykkelige samtykke, s\u00e5ledes at du er informeret om pr\u00e6cis, hvilke oplysninger, der indsamles og hvorfor.<\/p>\n\n\n\n<p>Direkt\u00f8ren og de ansatte for FIRMA ERIK LETH har adgang til de oplysninger, der registreres om dig.<\/p>\n\n\n\n<p>Den dataansvarlige i FIRMA ERIK LETH er: Erik Leth<\/p>\n\n\n\n<p>Vi opbevarer og transmitterer ikke kundeoplysninger krypteret.<\/p>\n\n\n\n<p>Som registreret hos FIRMA ERIK LETH har du altid ret til at g\u00f8re indsigelse mod registreringen. Du har ogs\u00e5 ret til indsigt i, hvilke oplysninger, der er registreret om dig. Disse rettigheder har du efter Persondataloven og henvendelse i forbindelse hermed rettes til&nbsp;<a href=\"mailto:erikleth@teksttilsalg.dk\">erikleth@teksttilsalg.dk<\/a>.<\/p>\n\n\n\n<p><strong>Cookies<\/strong><br>P\u00e5 https:\/\/weedbuster.dk anvendes cookies med det form\u00e5l at optimere hjemmesiden og dets funktionalitet, og dermed g\u00f8re bes\u00f8get s\u00e5 nemt som muligt for dig.<\/p>\n\n\n\n<p>Du kan altid for slettet dine cookie data.<\/p>\n\n\n\n<p><strong>Log-statistik<\/strong><br>Vi bruger en log-statistik p\u00e5 https:\/\/weedbuster.dk, hvilket betyder, at et statistik-system opsamler information, som kan give et statistisk billede af, hvor mange bes\u00f8gende vi har, hvor de kommer fra og hvor p\u00e5 websitet det forlades mv.<\/p>\n\n\n\n<p>Logstatistikken anvendes kun med det form\u00e5l, at optimere FIRMA ERIK LETH\u2019s hjemmeside.<\/p>\n\n\n\n<h2 class=\"wp-block-heading\">Klagemuligheder<\/h2>\n\n\n\n<p>Klager over produkter kan sendes til:<\/p>\n\n\n\n<p><strong>Konkurrence- og Forbrugerstyrelsens<\/strong><br>Carl Jacobsens Vej 35<br>2500 Valby<br><a href=\"http:\/\/www.forbrug.dk\/\">www.forbrug.dk<\/a><\/p>\n\n\n\n<p>For EU-borgere uden for EU skal klager sendes via EU Kommissionens online klageplatform.<br><a href=\"http:\/\/ec.europa.eu\/consumers\/odr\/\">ec.europa.eu<\/a><\/p>\n\n\n\n<p>Ved klage skal vores email adresse angives:&nbsp;<strong>erik@weedbuster.dk<\/strong>&nbsp;samt hjemmesiden du har k\u00f8bt varen p\u00e5.<\/p>","protected":false},"excerpt":{"rendered":"<p>Handelsbetingelser FIRMA ERIK LETHBautavej 64671 Str\u00f8byTLF:&nbsp;+45 40 54 67 80CVR: 54666950 Betaling FIRMA ERIK LETH modtager online betalinger med Visa, Mastercard, Mobilepay Online. Betaling vil f\u00f8rst blive trukket p\u00e5 din konto, n\u00e5r den fysiske vare afsendes eller det virtuelle produkt er oprettet med mindre andet er aftalt eller fremg\u00e5r af din ordre. Alle bel\u00f8b p\u00e5 [&#8230;]","protected":false},"author":2,"featured_media":0,"parent":0,"menu_order":0,"comment_status":"closed","ping_status":"closed","template":"","meta":{"footnotes":""},"class_list":["post-181","page","type-page","status-publish","hentry"],"yoast_head":"<!-- This site is optimized with the Yoast SEO plugin v26.8 - https:\/\/yoast.com\/product\/yoast-seo-wordpress\/ -->\n<title>Handelsbetingelser - Undg\u00e5 tang p\u00e5 krogen!<\/title>\n<meta name=\"robots\" content=\"noindex, follow, max-snippet:-1, max-image-preview:large, max-video-preview:-1\" \/>\n<meta property=\"og:locale\" content=\"sv_SE\" \/>\n<meta property=\"og:type\" content=\"article\" \/>\n<meta property=\"og:title\" content=\"Handelsbetingelser - Undg\u00e5 tang p\u00e5 krogen!\" \/>\n<meta property=\"og:description\" content=\"Handelsbetingelser FIRMA ERIK LETHBautavej 64671 Str\u00f8byTLF:&nbsp;+45 40 54 67 80CVR: 54666950 Betaling FIRMA ERIK LETH modtager online betalinger med Visa, Mastercard, Mobilepay Online. Betaling vil f\u00f8rst blive trukket p\u00e5 din konto, n\u00e5r den fysiske vare afsendes eller det virtuelle produkt er oprettet med mindre andet er aftalt eller fremg\u00e5r af din ordre. Alle bel\u00f8b p\u00e5 [...]\" \/>\n<meta property=\"og:url\" content=\"https:\/\/weedbuster.dk\/sv\/handelsbetingelser\/\" \/>\n<meta property=\"og:site_name\" content=\"Weedbuster\" \/>\n<meta property=\"article:modified_time\" content=\"2020-03-07T06:36:40+00:00\" \/>\n<meta name=\"twitter:card\" content=\"summary_large_image\" \/>\n<meta name=\"twitter:label1\" content=\"Ber\u00e4knad l\u00e4stid\" \/>\n\t<meta name=\"twitter:data1\" content=\"4 minuter\" \/>\n<script type=\"application\/ld+json\" class=\"yoast-schema-graph\">{\"@context\":\"https:\/\/schema.org\",\"@graph\":[{\"@type\":\"WebPage\",\"@id\":\"https:\/\/weedbuster.dk\/handelsbetingelser\/\",\"url\":\"https:\/\/weedbuster.dk\/handelsbetingelser\/\",\"name\":\"Handelsbetingelser - Undg\u00e5 tang p\u00e5 krogen!\",\"isPartOf\":{\"@id\":\"https:\/\/weedbuster.dk\/#website\"},\"datePublished\":\"2020-03-07T06:36:39+00:00\",\"dateModified\":\"2020-03-07T06:36:40+00:00\",\"breadcrumb\":{\"@id\":\"https:\/\/weedbuster.dk\/handelsbetingelser\/#breadcrumb\"},\"inLanguage\":\"sv-SE\",\"potentialAction\":[{\"@type\":\"ReadAction\",\"target\":[\"https:\/\/weedbuster.dk\/handelsbetingelser\/\"]}]},{\"@type\":\"BreadcrumbList\",\"@id\":\"https:\/\/weedbuster.dk\/handelsbetingelser\/#breadcrumb\",\"itemListElement\":[{\"@type\":\"ListItem\",\"position\":1,\"name\":\"Hjem\",\"item\":\"https:\/\/weedbuster.dk\/\"},{\"@type\":\"ListItem\",\"position\":2,\"name\":\"Handelsbetingelser\"}]},{\"@type\":\"WebSite\",\"@id\":\"https:\/\/weedbuster.dk\/#website\",\"url\":\"https:\/\/weedbuster.dk\/\",\"name\":\"Weedbuster\",\"description\":\"Undg\u00e5 tang p\u00e5 krogen\",\"potentialAction\":[{\"@type\":\"SearchAction\",\"target\":{\"@type\":\"EntryPoint\",\"urlTemplate\":\"https:\/\/weedbuster.dk\/?s={search_term_string}\"},\"query-input\":{\"@type\":\"PropertyValueSpecification\",\"valueRequired\":true,\"valueName\":\"search_term_string\"}}],\"inLanguage\":\"sv-SE\"}]}<\/script>\n<!-- \/ Yoast SEO plugin. -->","yoast_head_json":{"title":"Handelsbetingelser - Undg\u00e5 tang p\u00e5 krogen!","robots":{"index":"noindex","follow":"follow","max-snippet":"max-snippet:-1","max-image-preview":"max-image-preview:large","max-video-preview":"max-video-preview:-1"},"og_locale":"sv_SE","og_type":"article","og_title":"Handelsbetingelser - Undg\u00e5 tang p\u00e5 krogen!","og_description":"Handelsbetingelser FIRMA ERIK LETHBautavej 64671 Str\u00f8byTLF:&nbsp;+45 40 54 67 80CVR: 54666950 Betaling FIRMA ERIK LETH modtager online betalinger med Visa, Mastercard, Mobilepay Online. Betaling vil f\u00f8rst blive trukket p\u00e5 din konto, n\u00e5r den fysiske vare afsendes eller det virtuelle produkt er oprettet med mindre andet er aftalt eller fremg\u00e5r af din ordre. Alle bel\u00f8b p\u00e5 [...]","og_url":"https:\/\/weedbuster.dk\/sv\/handelsbetingelser\/","og_site_name":"Weedbuster","article_modified_time":"2020-03-07T06:36:40+00:00","twitter_card":"summary_large_image","twitter_misc":{"Ber\u00e4knad l\u00e4stid":"4 minuter"},"schema":{"@context":"https:\/\/schema.org","@graph":[{"@type":"WebPage","@id":"https:\/\/weedbuster.dk\/handelsbetingelser\/","url":"https:\/\/weedbuster.dk\/handelsbetingelser\/","name":"Handelsbetingelser - Undg\u00e5 tang p\u00e5 krogen!","isPartOf":{"@id":"https:\/\/weedbuster.dk\/#website"},"datePublished":"2020-03-07T06:36:39+00:00","dateModified":"2020-03-07T06:36:40+00:00","breadcrumb":{"@id":"https:\/\/weedbuster.dk\/handelsbetingelser\/#breadcrumb"},"inLanguage":"sv-SE","potentialAction":[{"@type":"ReadAction","target":["https:\/\/weedbuster.dk\/handelsbetingelser\/"]}]},{"@type":"BreadcrumbList","@id":"https:\/\/weedbuster.dk\/handelsbetingelser\/#breadcrumb","itemListElement":[{"@type":"ListItem","position":1,"name":"Hjem","item":"https:\/\/weedbuster.dk\/"},{"@type":"ListItem","position":2,"name":"Handelsbetingelser"}]},{"@type":"WebSite","@id":"https:\/\/weedbuster.dk\/#website","url":"https:\/\/weedbuster.dk\/","name":"Weedbuster","description":"Undg\u00e5 tang p\u00e5 krogen","potentialAction":[{"@type":"SearchAction","target":{"@type":"EntryPoint","urlTemplate":"https:\/\/weedbuster.dk\/?s={search_term_string}"},"query-input":{"@type":"PropertyValueSpecification","valueRequired":true,"valueName":"search_term_string"}}],"inLanguage":"sv-SE"}]}},"_links":{"self":[{"href":"https:\/\/weedbuster.dk\/sv\/wp-json\/wp\/v2\/pages\/181","targetHints":{"allow":["GET"]}}],"collection":[{"href":"https:\/\/weedbuster.dk\/sv\/wp-json\/wp\/v2\/pages"}],"about":[{"href":"https:\/\/weedbuster.dk\/sv\/wp-json\/wp\/v2\/types\/page"}],"author":[{"embeddable":true,"href":"https:\/\/weedbuster.dk\/sv\/wp-json\/wp\/v2\/users\/2"}],"replies":[{"embeddable":true,"href":"https:\/\/weedbuster.dk\/sv\/wp-json\/wp\/v2\/comments?post=181"}],"version-history":[{"count":0,"href":"https:\/\/weedbuster.dk\/sv\/wp-json\/wp\/v2\/pages\/181\/revisions"}],"wp:attachment":[{"href":"https:\/\/weedbuster.dk\/sv\/wp-json\/wp\/v2\/media?parent=181"}],"curies":[{"name":"wp","href":"https:\/\/api.w.org\/{rel}","templated":true}]}}