{"id":80,"date":"2013-08-11T19:22:53","date_gmt":"2013-08-11T19:22:53","guid":{"rendered":"http:\/\/localhost:8888\/test\/?page_id=532"},"modified":"2020-03-27T06:09:11","modified_gmt":"2020-03-27T06:09:11","slug":"kontakt","status":"publish","type":"page","link":"https:\/\/weedbuster.dk\/sv\/kontakt\/","title":{"rendered":"FAQ &#038; Kontakt"},"content":{"rendered":"<section class=\"section\" id=\"section_677058369\">\n\t\t<div class=\"section-bg fill\" >\n\t\t\t\t\t\t\t\t\t\n\t\t\t\n\n\t\t<\/div>\n\n\t\t\n\n\t\t<div class=\"section-content relative\">\n\t\t\t\n\n<div class=\"row\"  id=\"row-1246738152\">\n\n\n\t<div id=\"col-2067919477\" class=\"col small-12 large-12\"  >\n\t\t\t\t<div class=\"col-inner\"  >\n\t\t\t\n\t\t\t\n\n<h1 class=\"\" style=\"text-align: center;\">KONTAKT<\/h1>\n\n\t\t<\/div>\n\t\t\t\t\n<style>\n#col-2067919477 > .col-inner {\n  margin: 0px 0px -43px 0px;\n}\n<\/style>\n\t<\/div>\n\n\t\n\n<\/div>\n\n\t\t<\/div>\n\n\t\t\n<style>\n#section_677058369 {\n  padding-top: 75px;\n  padding-bottom: 75px;\n  background-color: rgb(248, 248, 248);\n}\n<\/style>\n\t<\/section>\n\t\n\n\t<section class=\"section\" id=\"section_1631048277\">\n\t\t<div class=\"section-bg fill\" >\n\t\t\t\t\t\t\t\t\t\n\t\t\t\n\n\t\t<\/div>\n\n\t\t\n\n\t\t<div class=\"section-content relative\">\n\t\t\t\n\n<div class=\"row\"  id=\"row-178603924\">\n\n\n\t<div id=\"col-803746608\" class=\"col medium-6 large-6\"  >\n\t\t\t\t<div class=\"col-inner\"  >\n\t\t\t\n\t\t\t\n\n<h3>FAQ<\/h3>\n<div class=\"accordion\">\n\n\t<div id=\"accordion-2177587165\" class=\"accordion-item\">\n\t\t<a id=\"accordion-2177587165-label\" class=\"accordion-title plain\" href=\"#accordion-item-fanger-weedbuster-slet-ikke-\u00e5legr\u00e6sset?\" aria-expanded=\"false\" aria-controls=\"accordion-2177587165-content\" >\n\t\t\t<button class=\"toggle\" aria-label=\"Toggle\"><i class=\"icon-angle-down\"><\/i><\/button>\n\t\t\t<span>F\u00e5ngar WeedBuster inte alls \u00e5lgr\u00e4set?<\/span>\n\t\t<\/a>\n\t\t<div id=\"accordion-2177587165-content\" class=\"accordion-inner\" aria-labelledby=\"accordion-2177587165-label\" >\n\t\t\t\n\n<p>Svar - Nej, WeedBuster st\u00e4nger krokens \u00f6ppning, vilket g\u00f6r att t\u00e5ngen bara glider f\u00f6rbi kroken eftersom det inte finns n\u00e5got att fastna i. Du kan dra kroken med WeedBuster genom flytande \u00e5lgr\u00e4s utan att n\u00e5gonting fastnar.<\/p>\n\n\t\t<\/div>\n\t<\/div>\n\t\n\t<div id=\"accordion-2856717146\" class=\"accordion-item\">\n\t\t<a id=\"accordion-2856717146-label\" class=\"accordion-title plain\" href=\"#accordion-item-hvad-hvis-der-ogs\u00e5-s\u00e6tter-sig-m\u00f8g-og-tang-p\u00e5-h\u00e6gten-og-svirvlen?\" aria-expanded=\"false\" aria-controls=\"accordion-2856717146-content\" >\n\t\t\t<button class=\"toggle\" aria-label=\"Toggle\"><i class=\"icon-angle-down\"><\/i><\/button>\n\t\t\t<span>Vad h\u00e4nder om det fastnar t\u00e5ng p\u00e5 betesl\u00e5set och sviveln?<\/span>\n\t\t<\/a>\n\t\t<div id=\"accordion-2856717146-content\" class=\"accordion-inner\" aria-labelledby=\"accordion-2856717146-label\" >\n\t\t\t\n\n<p>Svar \u2013 Om det \u00e4r V\u00c4LDIGT mycket t\u00e5ng i vattnet s\u00e5 kan du anv\u00e4nda sm\u00e5 svivlar, fj\u00e4derringar och betesl\u00e5s om det \u00e4r m\u00f6jligt. Om du \u00e4r flugfiskare r\u00e4cker det att montera WeedBuster p\u00e5 flugan.<\/p>\n<p>Ett s\u00e4rskilt tips till genoml\u00f6pare \u00e4r att inte anv\u00e4nda fluorocarbon utan ist\u00e4llet dra fl\u00e4tlinan direkt genom blinket ned till kroken. V\u00e4ssa eventuellt \u201dhuvudet\u201d p\u00e5 genoml\u00f6paran med en fil, s\u00e5 det \u00e4r s\u00e5 lite som m\u00f6jligt som t\u00e5ngen kan fastna i. En sak \u00e4r dock s\u00e4ker- det fastnar inte n\u00e5got p\u00e5 kroken!<\/p>\n<p><img loading=\"lazy\" decoding=\"async\" class=\"wp-image-903 alignnone size-medium\" src=\"http:\/\/joacimalexandar.com\/wp-content\/uploads\/2018\/09\/IMGP8215.JPG-for-web-large-300x156.jpg\" sizes=\"auto, (max-width: 300px) 100vw, 300px\" srcset=\"https:\/\/weedbuster.dk\/wp-content\/uploads\/2018\/09\/IMGP8215.JPG-for-web-large-300x156.jpg 300w, https:\/\/weedbuster.dk\/wp-content\/uploads\/2018\/09\/IMGP8215.JPG-for-web-large-600x312.jpg 600w, https:\/\/weedbuster.dk\/wp-content\/uploads\/2018\/09\/IMGP8215.JPG-for-web-large-370x193.jpg 370w, https:\/\/weedbuster.dk\/wp-content\/uploads\/2018\/09\/IMGP8215.JPG-for-web-large.jpg 640w\" alt=\"\" width=\"300\" height=\"156\" \/><\/p>\n<p><em>WeedBuster skyddar kroken \u2013 och genom att spetsa 'huvudet' p\u00e5 blinket, och d\u00e4refter montera det direkt p\u00e5 fl\u00e4tlinan kan t\u00e5ng heller inte fastna p\u00e5 betesl\u00e5set och svirveln mm!<\/em><\/p>\n\n\t\t<\/div>\n\t<\/div>\n\t\n\t<div id=\"accordion-3691931403\" class=\"accordion-item\">\n\t\t<a id=\"accordion-3691931403-label\" class=\"accordion-title plain\" href=\"#accordion-item-hvordan-monterer-man-weedbuster?\" aria-expanded=\"false\" aria-controls=\"accordion-3691931403-content\" >\n\t\t\t<button class=\"toggle\" aria-label=\"Toggle\"><i class=\"icon-angle-down\"><\/i><\/button>\n\t\t\t<span>Hur monterar man WeedBuster?<\/span>\n\t\t<\/a>\n\t\t<div id=\"accordion-3691931403-content\" class=\"accordion-inner\" aria-labelledby=\"accordion-3691931403-label\" >\n\t\t\t\n\n<p>Svar - Metallstiften l\u00e5ses med en enkel b\u00f6jning runt krok\u00f6glan. D\u00e4refter f\u00f6r du plastr\u00f6ret in \u00f6ver kroken. Det \u00e4r endast vid sm\u00e5 krokar som WeedBuster evt. b\u00f6r kortas av.<\/p>\n\n\t\t<\/div>\n\t<\/div>\n\t\n\t<div id=\"accordion-3697201244\" class=\"accordion-item\">\n\t\t<a id=\"accordion-3697201244-label\" class=\"accordion-title plain\" href=\"#accordion-item-fanger-man-flere-fisk-med-weedbuster?\" aria-expanded=\"false\" aria-controls=\"accordion-3697201244-content\" >\n\t\t\t<button class=\"toggle\" aria-label=\"Toggle\"><i class=\"icon-angle-down\"><\/i><\/button>\n\t\t\t<span>F\u00e5ngar man mer fisk med WeedBuster?<\/span>\n\t\t<\/a>\n\t\t<div id=\"accordion-3697201244-content\" class=\"accordion-inner\" aria-labelledby=\"accordion-3697201244-label\" >\n\t\t\t\n\n<p class=\"rteBlock\">Svar - N\u00e4r det bara finns lite \u00e5lgr\u00e4s i vattnet f\u00e5ngar man ofta \u00e5lgr\u00e4set ute i kastet, man vevar t.ex det 5 meter in, \u00e5lgr\u00e4set lossnar s\u00e5 igen, och fastnar kanske i n\u00e5got nytt innan man ser blinket eller flugan.<\/p>\n<p class=\"rteBlock\">Monterar man WeedBuster \u00e4r man s\u00e4ker p\u00e5 att betet fiskar perfekt utan att fastna i t\u00e5ng. Det ger fler fisk.<\/p>\n\n\t\t<\/div>\n\t<\/div>\n\t\n\t<div id=\"accordion-195574888\" class=\"accordion-item\">\n\t\t<a id=\"accordion-195574888-label\" class=\"accordion-title plain\" href=\"#accordion-item-kan-man-fiske-gennem-b\u00e6lter-med-tang?\" aria-expanded=\"false\" aria-controls=\"accordion-195574888-content\" >\n\t\t\t<button class=\"toggle\" aria-label=\"Toggle\"><i class=\"icon-angle-down\"><\/i><\/button>\n\t\t\t<span>Kan man fiska genom t\u00e5ngb\u00e4ltar?<\/span>\n\t\t<\/a>\n\t\t<div id=\"accordion-195574888-content\" class=\"accordion-inner\" aria-labelledby=\"accordion-195574888-label\" >\n\t\t\t\n\n<p class=\"rteBlock\">Svar - Ja, WeedBuster f\u00f6rhindrar att t\u00e5ngen fastnar i kroken, men f\u00f6rhindrar inte att fisken fastnar p\u00e5 kroken.<\/p>\n<p class=\"rteBlock\">Det inneb\u00e4r att man mister f\u00e4rre blinkar och flugor i en besv\u00e4rlig t\u00e5ngskog. WeedBuster g\u00f6r det ocks\u00e5 m\u00f6jligt att fiska genom sn\u00e4rjt\u00e5ng.<\/p>\n\n\t\t<\/div>\n\t<\/div>\n\t\n\t<div id=\"accordion-4084134659\" class=\"accordion-item\">\n\t\t<a id=\"accordion-4084134659-label\" class=\"accordion-title plain\" href=\"#accordion-item-\u00c6ndrer-weedbuster-p\u00e5-agnens-gang-i-vandet?\" aria-expanded=\"false\" aria-controls=\"accordion-4084134659-content\" >\n\t\t\t<button class=\"toggle\" aria-label=\"Toggle\"><i class=\"icon-angle-down\"><\/i><\/button>\n\t\t\t<span>\u00c4ndrar WeedBuster p\u00e5 betets g\u00e5ng i vattnet?<\/span>\n\t\t<\/a>\n\t\t<div id=\"accordion-4084134659-content\" class=\"accordion-inner\" aria-labelledby=\"accordion-4084134659-label\" >\n\t\t\t\n\n<p class=\"rteBlock\">Svar - Nej, och man kan t.o.m s\u00e4ga att WeedBuster f\u00e5r kroken till att \u201dh\u00e4nga mindre\u201d ner\u00e5t efter blinket.<\/p>\n<p class=\"rteBlock\">Det kan vara en bra ide att fylla WeedBuster plastr\u00f6ret med vatten. Det g\u00f6r du enkelt genom att kl\u00e4mma luften ut ur r\u00f6ret precis under vattenytan och sl\u00e4ppa. S\u00e5 sugs vattnet in i h\u00e5lrummet och vattnet stannar i r\u00f6ret under kastet. Annars kommer luften ut efter f\u00f6rsta kast.<\/p>\n\n\t\t<\/div>\n\t<\/div>\n\t\n\n<\/div>\n\n\t\t<\/div>\n\t\t\t\t\t<\/div>\n\n\t\n\n\t<div id=\"col-1013552591\" class=\"col medium-6 large-6\"  >\n\t\t\t\t<div class=\"col-inner\"  >\n\t\t\t\n\t\t\t\n\n<h3>Om du vill veta mer om WeedBuster \u00e4r du v\u00e4lkommen att skriva eller ringa till:<\/h3>\n<p>(+45) 40 54 67 80 <br \/>Erik@weedbuster.dk <br \/>Bautavej 6, 4671 Str\u00f8by - Danmark <br \/>Virk.nr. 54 66 69 50<\/p>\n\n\t\t<\/div>\n\t\t\t\t\t<\/div>\n\n\t\n\n<\/div>\n\n\t\t<\/div>\n\n\t\t\n<style>\n#section_1631048277 {\n  padding-top: 90px;\n  padding-bottom: 90px;\n}\n<\/style>\n\t<\/section>","protected":false},"excerpt":{"rendered":"","protected":false},"author":2,"featured_media":12,"parent":0,"menu_order":0,"comment_status":"closed","ping_status":"closed","template":"page-blank.php","meta":{"footnotes":""},"class_list":["post-80","page","type-page","status-publish","has-post-thumbnail","hentry"],"yoast_head":"<!-- This site is optimized with the Yoast SEO plugin v26.8 - https:\/\/yoast.com\/product\/yoast-seo-wordpress\/ -->\n<title>FAQ &amp; Kontakt - Undg\u00e5 tang p\u00e5 krogen!<\/title>\n<meta name=\"robots\" content=\"noindex, follow, max-snippet:-1, max-image-preview:large, max-video-preview:-1\" \/>\n<meta property=\"og:locale\" content=\"sv_SE\" \/>\n<meta property=\"og:type\" content=\"article\" \/>\n<meta property=\"og:title\" content=\"FAQ &amp; Kontakt - Undg\u00e5 tang p\u00e5 krogen!\" \/>\n<meta property=\"og:url\" content=\"https:\/\/weedbuster.dk\/sv\/kontakt\/\" \/>\n<meta property=\"og:site_name\" content=\"Weedbuster\" \/>\n<meta property=\"article:modified_time\" content=\"2020-03-27T06:09:11+00:00\" \/>\n<meta property=\"og:image\" content=\"https:\/\/weedbuster.dk\/wp-content\/uploads\/2016\/08\/dummy-1.jpg\" \/>\n\t<meta property=\"og:image:width\" content=\"400\" \/>\n\t<meta property=\"og:image:height\" content=\"260\" \/>\n\t<meta property=\"og:image:type\" content=\"image\/jpeg\" \/>\n<meta name=\"twitter:card\" content=\"summary_large_image\" \/>\n<meta name=\"twitter:label1\" content=\"Ber\u00e4knad l\u00e4stid\" \/>\n\t<meta name=\"twitter:data1\" content=\"2 minuter\" \/>\n<script type=\"application\/ld+json\" class=\"yoast-schema-graph\">{\"@context\":\"https:\/\/schema.org\",\"@graph\":[{\"@type\":\"WebPage\",\"@id\":\"https:\/\/weedbuster.dk\/kontakt\/\",\"url\":\"https:\/\/weedbuster.dk\/kontakt\/\",\"name\":\"FAQ & Kontakt - Undg\u00e5 tang p\u00e5 krogen!\",\"isPartOf\":{\"@id\":\"https:\/\/weedbuster.dk\/#website\"},\"primaryImageOfPage\":{\"@id\":\"https:\/\/weedbuster.dk\/kontakt\/#primaryimage\"},\"image\":{\"@id\":\"https:\/\/weedbuster.dk\/kontakt\/#primaryimage\"},\"thumbnailUrl\":\"https:\/\/weedbuster.dk\/wp-content\/uploads\/2016\/08\/dummy-1.jpg\",\"datePublished\":\"2013-08-11T19:22:53+00:00\",\"dateModified\":\"2020-03-27T06:09:11+00:00\",\"breadcrumb\":{\"@id\":\"https:\/\/weedbuster.dk\/kontakt\/#breadcrumb\"},\"inLanguage\":\"sv-SE\",\"potentialAction\":[{\"@type\":\"ReadAction\",\"target\":[\"https:\/\/weedbuster.dk\/kontakt\/\"]}]},{\"@type\":\"ImageObject\",\"inLanguage\":\"sv-SE\",\"@id\":\"https:\/\/weedbuster.dk\/kontakt\/#primaryimage\",\"url\":\"https:\/\/weedbuster.dk\/wp-content\/uploads\/2016\/08\/dummy-1.jpg\",\"contentUrl\":\"https:\/\/weedbuster.dk\/wp-content\/uploads\/2016\/08\/dummy-1.jpg\",\"width\":400,\"height\":260},{\"@type\":\"BreadcrumbList\",\"@id\":\"https:\/\/weedbuster.dk\/kontakt\/#breadcrumb\",\"itemListElement\":[{\"@type\":\"ListItem\",\"position\":1,\"name\":\"Hjem\",\"item\":\"https:\/\/weedbuster.dk\/\"},{\"@type\":\"ListItem\",\"position\":2,\"name\":\"FAQ &#038; Kontakt\"}]},{\"@type\":\"WebSite\",\"@id\":\"https:\/\/weedbuster.dk\/#website\",\"url\":\"https:\/\/weedbuster.dk\/\",\"name\":\"Weedbuster\",\"description\":\"Undg\u00e5 tang p\u00e5 krogen\",\"potentialAction\":[{\"@type\":\"SearchAction\",\"target\":{\"@type\":\"EntryPoint\",\"urlTemplate\":\"https:\/\/weedbuster.dk\/?s={search_term_string}\"},\"query-input\":{\"@type\":\"PropertyValueSpecification\",\"valueRequired\":true,\"valueName\":\"search_term_string\"}}],\"inLanguage\":\"sv-SE\"}]}<\/script>\n<!-- \/ Yoast SEO plugin. -->","yoast_head_json":{"title":"FAQ & Kontakt - Undg\u00e5 tang p\u00e5 krogen!","robots":{"index":"noindex","follow":"follow","max-snippet":"max-snippet:-1","max-image-preview":"max-image-preview:large","max-video-preview":"max-video-preview:-1"},"og_locale":"sv_SE","og_type":"article","og_title":"FAQ & Kontakt - Undg\u00e5 tang p\u00e5 krogen!","og_url":"https:\/\/weedbuster.dk\/sv\/kontakt\/","og_site_name":"Weedbuster","article_modified_time":"2020-03-27T06:09:11+00:00","og_image":[{"width":400,"height":260,"url":"https:\/\/weedbuster.dk\/wp-content\/uploads\/2016\/08\/dummy-1.jpg","type":"image\/jpeg"}],"twitter_card":"summary_large_image","twitter_misc":{"Ber\u00e4knad l\u00e4stid":"2 minuter"},"schema":{"@context":"https:\/\/schema.org","@graph":[{"@type":"WebPage","@id":"https:\/\/weedbuster.dk\/kontakt\/","url":"https:\/\/weedbuster.dk\/kontakt\/","name":"FAQ & Kontakt - Undg\u00e5 tang p\u00e5 krogen!","isPartOf":{"@id":"https:\/\/weedbuster.dk\/#website"},"primaryImageOfPage":{"@id":"https:\/\/weedbuster.dk\/kontakt\/#primaryimage"},"image":{"@id":"https:\/\/weedbuster.dk\/kontakt\/#primaryimage"},"thumbnailUrl":"https:\/\/weedbuster.dk\/wp-content\/uploads\/2016\/08\/dummy-1.jpg","datePublished":"2013-08-11T19:22:53+00:00","dateModified":"2020-03-27T06:09:11+00:00","breadcrumb":{"@id":"https:\/\/weedbuster.dk\/kontakt\/#breadcrumb"},"inLanguage":"sv-SE","potentialAction":[{"@type":"ReadAction","target":["https:\/\/weedbuster.dk\/kontakt\/"]}]},{"@type":"ImageObject","inLanguage":"sv-SE","@id":"https:\/\/weedbuster.dk\/kontakt\/#primaryimage","url":"https:\/\/weedbuster.dk\/wp-content\/uploads\/2016\/08\/dummy-1.jpg","contentUrl":"https:\/\/weedbuster.dk\/wp-content\/uploads\/2016\/08\/dummy-1.jpg","width":400,"height":260},{"@type":"BreadcrumbList","@id":"https:\/\/weedbuster.dk\/kontakt\/#breadcrumb","itemListElement":[{"@type":"ListItem","position":1,"name":"Hjem","item":"https:\/\/weedbuster.dk\/"},{"@type":"ListItem","position":2,"name":"FAQ &#038; Kontakt"}]},{"@type":"WebSite","@id":"https:\/\/weedbuster.dk\/#website","url":"https:\/\/weedbuster.dk\/","name":"Weedbuster","description":"Undg\u00e5 tang p\u00e5 krogen","potentialAction":[{"@type":"SearchAction","target":{"@type":"EntryPoint","urlTemplate":"https:\/\/weedbuster.dk\/?s={search_term_string}"},"query-input":{"@type":"PropertyValueSpecification","valueRequired":true,"valueName":"search_term_string"}}],"inLanguage":"sv-SE"}]}},"_links":{"self":[{"href":"https:\/\/weedbuster.dk\/sv\/wp-json\/wp\/v2\/pages\/80","targetHints":{"allow":["GET"]}}],"collection":[{"href":"https:\/\/weedbuster.dk\/sv\/wp-json\/wp\/v2\/pages"}],"about":[{"href":"https:\/\/weedbuster.dk\/sv\/wp-json\/wp\/v2\/types\/page"}],"author":[{"embeddable":true,"href":"https:\/\/weedbuster.dk\/sv\/wp-json\/wp\/v2\/users\/2"}],"replies":[{"embeddable":true,"href":"https:\/\/weedbuster.dk\/sv\/wp-json\/wp\/v2\/comments?post=80"}],"version-history":[{"count":2,"href":"https:\/\/weedbuster.dk\/sv\/wp-json\/wp\/v2\/pages\/80\/revisions"}],"predecessor-version":[{"id":211,"href":"https:\/\/weedbuster.dk\/sv\/wp-json\/wp\/v2\/pages\/80\/revisions\/211"}],"wp:featuredmedia":[{"embeddable":true,"href":"https:\/\/weedbuster.dk\/sv\/wp-json\/wp\/v2\/media\/12"}],"wp:attachment":[{"href":"https:\/\/weedbuster.dk\/sv\/wp-json\/wp\/v2\/media?parent=80"}],"curies":[{"name":"wp","href":"https:\/\/api.w.org\/{rel}","templated":true}]}}