{"id":82,"date":"2013-08-11T19:06:15","date_gmt":"2013-08-11T19:06:15","guid":{"rendered":"http:\/\/localhost:8888\/test\/?page_id=520"},"modified":"2020-03-09T10:56:27","modified_gmt":"2020-03-09T10:56:27","slug":"om-weedbuster","status":"publish","type":"page","link":"https:\/\/weedbuster.dk\/sv\/om-weedbuster\/","title":{"rendered":"Om Weedbuster"},"content":{"rendered":"<div class=\"row\"  id=\"row-1279693639\">\n\n\n\t<div id=\"col-2060663722\" class=\"col small-12 large-12\"  >\n\t\t\t\t<div class=\"col-inner\"  >\n\t\t\t\n\t\t\t\n\n\t<div class=\"img has-hover x md-x lg-x y md-y lg-y\" id=\"image_1432953115\">\n\t\t\t\t\t\t\t\t<div class=\"img-inner dark\" >\n\t\t\t<img loading=\"lazy\" decoding=\"async\" width=\"1020\" height=\"417\" src=\"https:\/\/weedbuster.dk\/wp-content\/uploads\/2020\/03\/IMG_20180922_100348-1400x572.jpg\" class=\"attachment-large size-large\" alt=\"\" srcset=\"https:\/\/weedbuster.dk\/wp-content\/uploads\/2020\/03\/IMG_20180922_100348-1400x572.jpg 1400w, https:\/\/weedbuster.dk\/wp-content\/uploads\/2020\/03\/IMG_20180922_100348-scaled-300x123.jpg 300w, https:\/\/weedbuster.dk\/wp-content\/uploads\/2020\/03\/IMG_20180922_100348-scaled-600x245.jpg 600w, https:\/\/weedbuster.dk\/wp-content\/uploads\/2020\/03\/IMG_20180922_100348-800x327.jpg 800w, https:\/\/weedbuster.dk\/wp-content\/uploads\/2020\/03\/IMG_20180922_100348-768x314.jpg 768w, https:\/\/weedbuster.dk\/wp-content\/uploads\/2020\/03\/IMG_20180922_100348-1536x628.jpg 1536w, https:\/\/weedbuster.dk\/wp-content\/uploads\/2020\/03\/IMG_20180922_100348-2048x837.jpg 2048w\" sizes=\"auto, (max-width: 1020px) 100vw, 1020px\" \/>\t\t\t\t\t\t\n\t\t\t\t\t<\/div>\n\t\t\t\t\t\t\t\t\n<style>\n#image_1432953115 {\n  width: 100%;\n}\n<\/style>\n\t<\/div>\n\t\n\n<h1>WeedBuster \u2013 Ideen bak!<\/h1>\n<div>Alla fiskare k\u00e4nner till problemet med t\u00e5ng och \u00e5lgr\u00e4s p\u00e5 kroken. Det finns inget v\u00e4rre \u00e4n att komma ut till sin fiskeplats<\/p>\n<p>och uppt\u00e4cka att det \u00e4r t\u00e5ng i vattnet. Man testar att kasta n\u00e5gra g\u00e5nger, men i m\u00e5nga tillf\u00e4llen f\u00e5ngar man bara t\u00e5ng och \u00e5lgr\u00e4s<\/p>\n<\/div>\n<div>T\u00e5ngen f\u00e5ngas och fastnar i krokgapet. Med en WeedBuster p\u00e5 kroken st\u00e4ngs krokgabet s\u00e5 att t\u00e5ngen om\u00f6jligen kan fastna.<\/div>\n<div>\u00a0<\/div>\n<div>\u00a0N\u00e4r fisken nappar bryts det speciellt utvecklade plastr\u00f6ret. I samma \u00f6gonblick \u00e4r krokspetsen fri, och du kan f\u00e5nga fisken som vanligt.<\/div>\n<div>\u00a0<\/div>\n<div>\u00a0WeedBuster \u00e4r utvecklad och producerad i Danmark av Erik Leth. Jag \u00e4r en passionerad kustfiskare och \u00e4r ofta nere vid vattnet s\u00e5 ofta jag kan, vanligtvis p\u00e5 Stevns och p\u00e5 Sj\u00e4llands kust.<\/div>\n\n\t\t<\/div>\n\t\t\t\t\t<\/div>\n\n\t\n\n<\/div>","protected":false},"excerpt":{"rendered":"","protected":false},"author":2,"featured_media":12,"parent":0,"menu_order":0,"comment_status":"closed","ping_status":"closed","template":"","meta":{"footnotes":""},"class_list":["post-82","page","type-page","status-publish","has-post-thumbnail","hentry"],"yoast_head":"<!-- This site is optimized with the Yoast SEO plugin v27.4 - https:\/\/yoast.com\/product\/yoast-seo-wordpress\/ -->\n<title>Om Weedbuster - Undg\u00e5 tang p\u00e5 krogen!<\/title>\n<meta name=\"description\" content=\"Weedbuster - Ideen bag! Alle lystfiskere kender problemet med tang og \u00e5legr\u00e6s p\u00e5 krogen.\" \/>\n<meta name=\"robots\" content=\"noindex, follow, max-snippet:-1, max-image-preview:large, max-video-preview:-1\" \/>\n<meta property=\"og:locale\" content=\"sv_SE\" \/>\n<meta property=\"og:type\" content=\"article\" \/>\n<meta property=\"og:title\" content=\"Om Weedbuster - Undg\u00e5 tang p\u00e5 krogen!\" \/>\n<meta property=\"og:description\" content=\"Weedbuster - Ideen bag! Alle lystfiskere kender problemet med tang og \u00e5legr\u00e6s p\u00e5 krogen.\" \/>\n<meta property=\"og:url\" content=\"https:\/\/weedbuster.dk\/sv\/om-weedbuster\/\" \/>\n<meta property=\"og:site_name\" content=\"Weedbuster\" \/>\n<meta property=\"article:modified_time\" content=\"2020-03-09T10:56:27+00:00\" \/>\n<meta property=\"og:image\" content=\"https:\/\/weedbuster.dk\/wp-content\/uploads\/2016\/08\/dummy-1.jpg\" \/>\n\t<meta property=\"og:image:width\" content=\"400\" \/>\n\t<meta property=\"og:image:height\" content=\"260\" \/>\n\t<meta property=\"og:image:type\" content=\"image\/jpeg\" \/>\n<meta name=\"twitter:card\" content=\"summary_large_image\" \/>\n<meta name=\"twitter:label1\" content=\"Ber\u00e4knad l\u00e4stid\" \/>\n\t<meta name=\"twitter:data1\" content=\"1 minut\" \/>\n<script type=\"application\/ld+json\" class=\"yoast-schema-graph\">{\"@context\":\"https:\\\/\\\/schema.org\",\"@graph\":[{\"@type\":\"WebPage\",\"@id\":\"https:\\\/\\\/weedbuster.dk\\\/om-weedbuster\\\/\",\"url\":\"https:\\\/\\\/weedbuster.dk\\\/om-weedbuster\\\/\",\"name\":\"Om Weedbuster - Undg\u00e5 tang p\u00e5 krogen!\",\"isPartOf\":{\"@id\":\"https:\\\/\\\/weedbuster.dk\\\/#website\"},\"primaryImageOfPage\":{\"@id\":\"https:\\\/\\\/weedbuster.dk\\\/om-weedbuster\\\/#primaryimage\"},\"image\":{\"@id\":\"https:\\\/\\\/weedbuster.dk\\\/om-weedbuster\\\/#primaryimage\"},\"thumbnailUrl\":\"https:\\\/\\\/weedbuster.dk\\\/wp-content\\\/uploads\\\/2016\\\/08\\\/dummy-1.jpg\",\"datePublished\":\"2013-08-11T19:06:15+00:00\",\"dateModified\":\"2020-03-09T10:56:27+00:00\",\"description\":\"Weedbuster - Ideen bag! Alle lystfiskere kender problemet med tang og \u00e5legr\u00e6s p\u00e5 krogen.\",\"breadcrumb\":{\"@id\":\"https:\\\/\\\/weedbuster.dk\\\/om-weedbuster\\\/#breadcrumb\"},\"inLanguage\":\"sv-SE\",\"potentialAction\":[{\"@type\":\"ReadAction\",\"target\":[\"https:\\\/\\\/weedbuster.dk\\\/om-weedbuster\\\/\"]}]},{\"@type\":\"ImageObject\",\"inLanguage\":\"sv-SE\",\"@id\":\"https:\\\/\\\/weedbuster.dk\\\/om-weedbuster\\\/#primaryimage\",\"url\":\"https:\\\/\\\/weedbuster.dk\\\/wp-content\\\/uploads\\\/2016\\\/08\\\/dummy-1.jpg\",\"contentUrl\":\"https:\\\/\\\/weedbuster.dk\\\/wp-content\\\/uploads\\\/2016\\\/08\\\/dummy-1.jpg\",\"width\":400,\"height\":260},{\"@type\":\"BreadcrumbList\",\"@id\":\"https:\\\/\\\/weedbuster.dk\\\/om-weedbuster\\\/#breadcrumb\",\"itemListElement\":[{\"@type\":\"ListItem\",\"position\":1,\"name\":\"Hjem\",\"item\":\"https:\\\/\\\/weedbuster.dk\\\/\"},{\"@type\":\"ListItem\",\"position\":2,\"name\":\"Om Weedbuster\"}]},{\"@type\":\"WebSite\",\"@id\":\"https:\\\/\\\/weedbuster.dk\\\/#website\",\"url\":\"https:\\\/\\\/weedbuster.dk\\\/\",\"name\":\"Weedbuster\",\"description\":\"Undg\u00e5 tang p\u00e5 krogen\",\"potentialAction\":[{\"@type\":\"SearchAction\",\"target\":{\"@type\":\"EntryPoint\",\"urlTemplate\":\"https:\\\/\\\/weedbuster.dk\\\/?s={search_term_string}\"},\"query-input\":{\"@type\":\"PropertyValueSpecification\",\"valueRequired\":true,\"valueName\":\"search_term_string\"}}],\"inLanguage\":\"sv-SE\"}]}<\/script>\n<!-- \/ Yoast SEO plugin. -->","yoast_head_json":{"title":"Om Weedbuster - Undg\u00e5 tang p\u00e5 krogen!","description":"Weedbuster - Ideen bag! Alle lystfiskere kender problemet med tang og \u00e5legr\u00e6s p\u00e5 krogen.","robots":{"index":"noindex","follow":"follow","max-snippet":"max-snippet:-1","max-image-preview":"max-image-preview:large","max-video-preview":"max-video-preview:-1"},"og_locale":"sv_SE","og_type":"article","og_title":"Om Weedbuster - Undg\u00e5 tang p\u00e5 krogen!","og_description":"Weedbuster - Ideen bag! Alle lystfiskere kender problemet med tang og \u00e5legr\u00e6s p\u00e5 krogen.","og_url":"https:\/\/weedbuster.dk\/sv\/om-weedbuster\/","og_site_name":"Weedbuster","article_modified_time":"2020-03-09T10:56:27+00:00","og_image":[{"width":400,"height":260,"url":"https:\/\/weedbuster.dk\/wp-content\/uploads\/2016\/08\/dummy-1.jpg","type":"image\/jpeg"}],"twitter_card":"summary_large_image","twitter_misc":{"Ber\u00e4knad l\u00e4stid":"1 minut"},"schema":{"@context":"https:\/\/schema.org","@graph":[{"@type":"WebPage","@id":"https:\/\/weedbuster.dk\/om-weedbuster\/","url":"https:\/\/weedbuster.dk\/om-weedbuster\/","name":"Om Weedbuster - Undg\u00e5 tang p\u00e5 krogen!","isPartOf":{"@id":"https:\/\/weedbuster.dk\/#website"},"primaryImageOfPage":{"@id":"https:\/\/weedbuster.dk\/om-weedbuster\/#primaryimage"},"image":{"@id":"https:\/\/weedbuster.dk\/om-weedbuster\/#primaryimage"},"thumbnailUrl":"https:\/\/weedbuster.dk\/wp-content\/uploads\/2016\/08\/dummy-1.jpg","datePublished":"2013-08-11T19:06:15+00:00","dateModified":"2020-03-09T10:56:27+00:00","description":"Weedbuster - Ideen bag! Alle lystfiskere kender problemet med tang og \u00e5legr\u00e6s p\u00e5 krogen.","breadcrumb":{"@id":"https:\/\/weedbuster.dk\/om-weedbuster\/#breadcrumb"},"inLanguage":"sv-SE","potentialAction":[{"@type":"ReadAction","target":["https:\/\/weedbuster.dk\/om-weedbuster\/"]}]},{"@type":"ImageObject","inLanguage":"sv-SE","@id":"https:\/\/weedbuster.dk\/om-weedbuster\/#primaryimage","url":"https:\/\/weedbuster.dk\/wp-content\/uploads\/2016\/08\/dummy-1.jpg","contentUrl":"https:\/\/weedbuster.dk\/wp-content\/uploads\/2016\/08\/dummy-1.jpg","width":400,"height":260},{"@type":"BreadcrumbList","@id":"https:\/\/weedbuster.dk\/om-weedbuster\/#breadcrumb","itemListElement":[{"@type":"ListItem","position":1,"name":"Hjem","item":"https:\/\/weedbuster.dk\/"},{"@type":"ListItem","position":2,"name":"Om Weedbuster"}]},{"@type":"WebSite","@id":"https:\/\/weedbuster.dk\/#website","url":"https:\/\/weedbuster.dk\/","name":"Weedbuster","description":"Undg\u00e5 tang p\u00e5 krogen","potentialAction":[{"@type":"SearchAction","target":{"@type":"EntryPoint","urlTemplate":"https:\/\/weedbuster.dk\/?s={search_term_string}"},"query-input":{"@type":"PropertyValueSpecification","valueRequired":true,"valueName":"search_term_string"}}],"inLanguage":"sv-SE"}]}},"_links":{"self":[{"href":"https:\/\/weedbuster.dk\/sv\/wp-json\/wp\/v2\/pages\/82","targetHints":{"allow":["GET"]}}],"collection":[{"href":"https:\/\/weedbuster.dk\/sv\/wp-json\/wp\/v2\/pages"}],"about":[{"href":"https:\/\/weedbuster.dk\/sv\/wp-json\/wp\/v2\/types\/page"}],"author":[{"embeddable":true,"href":"https:\/\/weedbuster.dk\/sv\/wp-json\/wp\/v2\/users\/2"}],"replies":[{"embeddable":true,"href":"https:\/\/weedbuster.dk\/sv\/wp-json\/wp\/v2\/comments?post=82"}],"version-history":[{"count":0,"href":"https:\/\/weedbuster.dk\/sv\/wp-json\/wp\/v2\/pages\/82\/revisions"}],"wp:featuredmedia":[{"embeddable":true,"href":"https:\/\/weedbuster.dk\/sv\/wp-json\/wp\/v2\/media\/12"}],"wp:attachment":[{"href":"https:\/\/weedbuster.dk\/sv\/wp-json\/wp\/v2\/media?parent=82"}],"curies":[{"name":"wp","href":"https:\/\/api.w.org\/{rel}","templated":true}]}}