{"id":397,"date":"2021-03-26T09:48:21","date_gmt":"2021-03-26T09:48:21","guid":{"rendered":"https:\/\/weedbuster.dk\/?post_type=product&#038;p=397"},"modified":"2023-01-21T14:11:53","modified_gmt":"2023-01-21T14:11:53","slug":"tabt-dit-blink-faa-det-tilbage-med-magneto","status":"publish","type":"product","link":"https:\/\/weedbuster.dk\/sv\/product\/tabt-dit-blink-faa-det-tilbage-med-magneto\/","title":{"rendered":"Magneto \u2013 montera en av de 3 magneterna i sp\u00f6-sammlingen. D\u00e5 kan du enkelt lyfta upp din kustbete ur vattnet!"},"content":{"rendered":"","protected":false},"excerpt":{"rendered":"<p class=\"box-excerpt\"><span lang=\"NO-BOK\">Montera en av paketets 3 magneter i din sp\u00f6-samling. S\u00e5 kan du f\u00e5 tilbaka din kustbete ur vattnet - bara s\u00e5d\u00e4r! Alla krokar \u00e4r magnetiska.<br \/>\nSeparera sp\u00f6et och limma fast den superstarka neodymmagneten p\u00e5 sp\u00f6samlingen.<\/span><\/p>\n<p class=\"box-excerpt\">D\u00e5 har du alltid Magneto med dig och kan dra upp din kustbete ur vattnet p\u00e5 sekunder!<\/p>\n<p class=\"box-excerpt\">Magneto passar alla sp\u00f6. Paketet inneh\u00e5ller  3 magneter p\u00e5 3 mm \/ 4 mm \/ 5 mm diameter  - lyfter 330 \/ 590 \/ 1100 gram.<\/p>\n<p class=\"box-excerpt\"><span lang=\"NO-BOK\">Inkl. snabblim, sandpapper och enkla och s\u00e4kra bruksanvisningar.<\/span><\/p>","protected":false},"featured_media":413,"comment_status":"open","ping_status":"closed","template":"","meta":[],"product_brand":[],"product_cat":[18],"product_tag":[],"class_list":{"0":"post-397","1":"product","2":"type-product","3":"status-publish","4":"has-post-thumbnail","6":"product_cat-spin-flue","8":"first","9":"instock","10":"taxable","11":"shipping-taxable","12":"purchasable","13":"product-type-simple"},"yoast_head":"<!-- This site is optimized with the Yoast SEO plugin v26.8 - https:\/\/yoast.com\/product\/yoast-seo-wordpress\/ -->\n<title>Magneto - mont\u00e9r en af de 3 magneter i stangsamlingen. S\u00e5 kan du nemt hive blinket op af vandet! - Weedbuster<\/title>\n<meta name=\"description\" content=\"Mont\u00e9r en af pakkens 3 magneter i din stangsamling! S\u00e5 kan du nemt hente blinket op af vandet! Husk, alle kroge er magnetiske! Skil stangen ad, og lim den superst\u00e6rke Neodym magnet p\u00e5 han-ferrulen. S\u00e5 har du altid Magneto med p\u00e5 turen og kan hive blinket op af vandet p\u00e5 3 sekunder! Magneto s\u00e6ttet passer til alle st\u00e6nger. Der medf\u00f8lger 3 magneter p\u00e5 3 mm \/ 4 mm \/ 5mm diameter - l\u00f8fter 330 \/ 590 \/ 1100 gram. Inkl. sekundlim, sandpapir og nem og sikker brugsanvisning.\" \/>\n<meta name=\"robots\" content=\"noindex, follow, max-snippet:-1, max-image-preview:large, max-video-preview:-1\" \/>\n<meta property=\"og:locale\" content=\"sv_SE\" \/>\n<meta property=\"og:type\" content=\"article\" \/>\n<meta property=\"og:title\" content=\"Magneto - mont\u00e9r en af de 3 magneter i stangsamlingen. S\u00e5 kan du nemt hive blinket op af vandet! - Weedbuster\" \/>\n<meta property=\"og:description\" content=\"Mont\u00e9r en af pakkens 3 magneter i din stangsamling! S\u00e5 kan du nemt hente blinket op af vandet! Husk, alle kroge er magnetiske! Skil stangen ad, og lim den superst\u00e6rke Neodym magnet p\u00e5 han-ferrulen. S\u00e5 har du altid Magneto med p\u00e5 turen og kan hive blinket op af vandet p\u00e5 3 sekunder! Magneto s\u00e6ttet passer til alle st\u00e6nger. Der medf\u00f8lger 3 magneter p\u00e5 3 mm \/ 4 mm \/ 5mm diameter - l\u00f8fter 330 \/ 590 \/ 1100 gram. Inkl. sekundlim, sandpapir og nem og sikker brugsanvisning.\" \/>\n<meta property=\"og:url\" content=\"https:\/\/weedbuster.dk\/sv\/product\/tabt-dit-blink-faa-det-tilbage-med-magneto\/\" \/>\n<meta property=\"og:site_name\" content=\"Weedbuster\" \/>\n<meta property=\"article:modified_time\" content=\"2023-01-21T14:11:53+00:00\" \/>\n<meta property=\"og:image\" content=\"https:\/\/weedbuster.dk\/wp-content\/uploads\/2021\/03\/Magneto-pose-3-magneter-scaled.jpg\" \/>\n\t<meta property=\"og:image:width\" content=\"1578\" \/>\n\t<meta property=\"og:image:height\" content=\"2560\" \/>\n\t<meta property=\"og:image:type\" content=\"image\/jpeg\" \/>\n<meta name=\"twitter:card\" content=\"summary_large_image\" \/>\n<script type=\"application\/ld+json\" class=\"yoast-schema-graph\">{\"@context\":\"https:\/\/schema.org\",\"@graph\":[{\"@type\":\"WebPage\",\"@id\":\"https:\/\/weedbuster.dk\/product\/tabt-dit-blink-faa-det-tilbage-med-magneto\/\",\"url\":\"https:\/\/weedbuster.dk\/product\/tabt-dit-blink-faa-det-tilbage-med-magneto\/\",\"name\":\"Magneto - mont\u00e9r en af de 3 magneter i stangsamlingen. S\u00e5 kan du nemt hive blinket op af vandet! - Weedbuster\",\"isPartOf\":{\"@id\":\"https:\/\/weedbuster.dk\/#website\"},\"primaryImageOfPage\":{\"@id\":\"https:\/\/weedbuster.dk\/product\/tabt-dit-blink-faa-det-tilbage-med-magneto\/#primaryimage\"},\"image\":{\"@id\":\"https:\/\/weedbuster.dk\/product\/tabt-dit-blink-faa-det-tilbage-med-magneto\/#primaryimage\"},\"thumbnailUrl\":\"https:\/\/weedbuster.dk\/wp-content\/uploads\/2021\/03\/Magneto-pose-3-magneter-scaled.jpg\",\"datePublished\":\"2021-03-26T09:48:21+00:00\",\"dateModified\":\"2023-01-21T14:11:53+00:00\",\"description\":\"Mont\u00e9r en af pakkens 3 magneter i din stangsamling! S\u00e5 kan du nemt hente blinket op af vandet! Husk, alle kroge er magnetiske! Skil stangen ad, og lim den superst\u00e6rke Neodym magnet p\u00e5 han-ferrulen. S\u00e5 har du altid Magneto med p\u00e5 turen og kan hive blinket op af vandet p\u00e5 3 sekunder! Magneto s\u00e6ttet passer til alle st\u00e6nger. Der medf\u00f8lger 3 magneter p\u00e5 3 mm \/ 4 mm \/ 5mm diameter - l\u00f8fter 330 \/ 590 \/ 1100 gram. Inkl. sekundlim, sandpapir og nem og sikker brugsanvisning.\",\"breadcrumb\":{\"@id\":\"https:\/\/weedbuster.dk\/product\/tabt-dit-blink-faa-det-tilbage-med-magneto\/#breadcrumb\"},\"inLanguage\":\"sv-SE\",\"potentialAction\":[{\"@type\":\"ReadAction\",\"target\":[\"https:\/\/weedbuster.dk\/product\/tabt-dit-blink-faa-det-tilbage-med-magneto\/\"]}]},{\"@type\":\"ImageObject\",\"inLanguage\":\"sv-SE\",\"@id\":\"https:\/\/weedbuster.dk\/product\/tabt-dit-blink-faa-det-tilbage-med-magneto\/#primaryimage\",\"url\":\"https:\/\/weedbuster.dk\/wp-content\/uploads\/2021\/03\/Magneto-pose-3-magneter-scaled.jpg\",\"contentUrl\":\"https:\/\/weedbuster.dk\/wp-content\/uploads\/2021\/03\/Magneto-pose-3-magneter-scaled.jpg\",\"width\":1578,\"height\":2560,\"caption\":\"dav\"},{\"@type\":\"BreadcrumbList\",\"@id\":\"https:\/\/weedbuster.dk\/product\/tabt-dit-blink-faa-det-tilbage-med-magneto\/#breadcrumb\",\"itemListElement\":[{\"@type\":\"ListItem\",\"position\":1,\"name\":\"Hjem\",\"item\":\"https:\/\/weedbuster.dk\/\"},{\"@type\":\"ListItem\",\"position\":2,\"name\":\"Produkter\",\"item\":\"https:\/\/weedbuster.dk\/produkter\/\"},{\"@type\":\"ListItem\",\"position\":3,\"name\":\"Magneto &#8211; mont\u00e9r en af de 3 magneter i stangsamlingen. S\u00e5 kan du nemt hive blinket op af vandet!\"}]},{\"@type\":\"WebSite\",\"@id\":\"https:\/\/weedbuster.dk\/#website\",\"url\":\"https:\/\/weedbuster.dk\/\",\"name\":\"Weedbuster\",\"description\":\"Undg\u00e5 tang p\u00e5 krogen\",\"potentialAction\":[{\"@type\":\"SearchAction\",\"target\":{\"@type\":\"EntryPoint\",\"urlTemplate\":\"https:\/\/weedbuster.dk\/?s={search_term_string}\"},\"query-input\":{\"@type\":\"PropertyValueSpecification\",\"valueRequired\":true,\"valueName\":\"search_term_string\"}}],\"inLanguage\":\"sv-SE\"}]}<\/script>\n<!-- \/ Yoast SEO plugin. -->","yoast_head_json":{"title":"Magneto - mont\u00e9r en af de 3 magneter i stangsamlingen. S\u00e5 kan du nemt hive blinket op af vandet! - Weedbuster","description":"Mont\u00e9r en af pakkens 3 magneter i din stangsamling! S\u00e5 kan du nemt hente blinket op af vandet! Husk, alle kroge er magnetiske! Skil stangen ad, og lim den superst\u00e6rke Neodym magnet p\u00e5 han-ferrulen. S\u00e5 har du altid Magneto med p\u00e5 turen og kan hive blinket op af vandet p\u00e5 3 sekunder! Magneto s\u00e6ttet passer til alle st\u00e6nger. Der medf\u00f8lger 3 magneter p\u00e5 3 mm \/ 4 mm \/ 5mm diameter - l\u00f8fter 330 \/ 590 \/ 1100 gram. Inkl. sekundlim, sandpapir og nem og sikker brugsanvisning.","robots":{"index":"noindex","follow":"follow","max-snippet":"max-snippet:-1","max-image-preview":"max-image-preview:large","max-video-preview":"max-video-preview:-1"},"og_locale":"sv_SE","og_type":"article","og_title":"Magneto - mont\u00e9r en af de 3 magneter i stangsamlingen. S\u00e5 kan du nemt hive blinket op af vandet! - Weedbuster","og_description":"Mont\u00e9r en af pakkens 3 magneter i din stangsamling! S\u00e5 kan du nemt hente blinket op af vandet! Husk, alle kroge er magnetiske! Skil stangen ad, og lim den superst\u00e6rke Neodym magnet p\u00e5 han-ferrulen. S\u00e5 har du altid Magneto med p\u00e5 turen og kan hive blinket op af vandet p\u00e5 3 sekunder! Magneto s\u00e6ttet passer til alle st\u00e6nger. Der medf\u00f8lger 3 magneter p\u00e5 3 mm \/ 4 mm \/ 5mm diameter - l\u00f8fter 330 \/ 590 \/ 1100 gram. Inkl. sekundlim, sandpapir og nem og sikker brugsanvisning.","og_url":"https:\/\/weedbuster.dk\/sv\/product\/tabt-dit-blink-faa-det-tilbage-med-magneto\/","og_site_name":"Weedbuster","article_modified_time":"2023-01-21T14:11:53+00:00","og_image":[{"width":1578,"height":2560,"url":"https:\/\/weedbuster.dk\/wp-content\/uploads\/2021\/03\/Magneto-pose-3-magneter-scaled.jpg","type":"image\/jpeg"}],"twitter_card":"summary_large_image","schema":{"@context":"https:\/\/schema.org","@graph":[{"@type":"WebPage","@id":"https:\/\/weedbuster.dk\/product\/tabt-dit-blink-faa-det-tilbage-med-magneto\/","url":"https:\/\/weedbuster.dk\/product\/tabt-dit-blink-faa-det-tilbage-med-magneto\/","name":"Magneto - mont\u00e9r en af de 3 magneter i stangsamlingen. S\u00e5 kan du nemt hive blinket op af vandet! - Weedbuster","isPartOf":{"@id":"https:\/\/weedbuster.dk\/#website"},"primaryImageOfPage":{"@id":"https:\/\/weedbuster.dk\/product\/tabt-dit-blink-faa-det-tilbage-med-magneto\/#primaryimage"},"image":{"@id":"https:\/\/weedbuster.dk\/product\/tabt-dit-blink-faa-det-tilbage-med-magneto\/#primaryimage"},"thumbnailUrl":"https:\/\/weedbuster.dk\/wp-content\/uploads\/2021\/03\/Magneto-pose-3-magneter-scaled.jpg","datePublished":"2021-03-26T09:48:21+00:00","dateModified":"2023-01-21T14:11:53+00:00","description":"Mont\u00e9r en af pakkens 3 magneter i din stangsamling! S\u00e5 kan du nemt hente blinket op af vandet! Husk, alle kroge er magnetiske! Skil stangen ad, og lim den superst\u00e6rke Neodym magnet p\u00e5 han-ferrulen. S\u00e5 har du altid Magneto med p\u00e5 turen og kan hive blinket op af vandet p\u00e5 3 sekunder! Magneto s\u00e6ttet passer til alle st\u00e6nger. Der medf\u00f8lger 3 magneter p\u00e5 3 mm \/ 4 mm \/ 5mm diameter - l\u00f8fter 330 \/ 590 \/ 1100 gram. Inkl. sekundlim, sandpapir og nem og sikker brugsanvisning.","breadcrumb":{"@id":"https:\/\/weedbuster.dk\/product\/tabt-dit-blink-faa-det-tilbage-med-magneto\/#breadcrumb"},"inLanguage":"sv-SE","potentialAction":[{"@type":"ReadAction","target":["https:\/\/weedbuster.dk\/product\/tabt-dit-blink-faa-det-tilbage-med-magneto\/"]}]},{"@type":"ImageObject","inLanguage":"sv-SE","@id":"https:\/\/weedbuster.dk\/product\/tabt-dit-blink-faa-det-tilbage-med-magneto\/#primaryimage","url":"https:\/\/weedbuster.dk\/wp-content\/uploads\/2021\/03\/Magneto-pose-3-magneter-scaled.jpg","contentUrl":"https:\/\/weedbuster.dk\/wp-content\/uploads\/2021\/03\/Magneto-pose-3-magneter-scaled.jpg","width":1578,"height":2560,"caption":"dav"},{"@type":"BreadcrumbList","@id":"https:\/\/weedbuster.dk\/product\/tabt-dit-blink-faa-det-tilbage-med-magneto\/#breadcrumb","itemListElement":[{"@type":"ListItem","position":1,"name":"Hjem","item":"https:\/\/weedbuster.dk\/"},{"@type":"ListItem","position":2,"name":"Produkter","item":"https:\/\/weedbuster.dk\/produkter\/"},{"@type":"ListItem","position":3,"name":"Magneto &#8211; mont\u00e9r en af de 3 magneter i stangsamlingen. S\u00e5 kan du nemt hive blinket op af vandet!"}]},{"@type":"WebSite","@id":"https:\/\/weedbuster.dk\/#website","url":"https:\/\/weedbuster.dk\/","name":"Weedbuster","description":"Undg\u00e5 tang p\u00e5 krogen","potentialAction":[{"@type":"SearchAction","target":{"@type":"EntryPoint","urlTemplate":"https:\/\/weedbuster.dk\/?s={search_term_string}"},"query-input":{"@type":"PropertyValueSpecification","valueRequired":true,"valueName":"search_term_string"}}],"inLanguage":"sv-SE"}]}},"_links":{"self":[{"href":"https:\/\/weedbuster.dk\/sv\/wp-json\/wp\/v2\/product\/397","targetHints":{"allow":["GET"]}}],"collection":[{"href":"https:\/\/weedbuster.dk\/sv\/wp-json\/wp\/v2\/product"}],"about":[{"href":"https:\/\/weedbuster.dk\/sv\/wp-json\/wp\/v2\/types\/product"}],"replies":[{"embeddable":true,"href":"https:\/\/weedbuster.dk\/sv\/wp-json\/wp\/v2\/comments?post=397"}],"wp:featuredmedia":[{"embeddable":true,"href":"https:\/\/weedbuster.dk\/sv\/wp-json\/wp\/v2\/media\/413"}],"wp:attachment":[{"href":"https:\/\/weedbuster.dk\/sv\/wp-json\/wp\/v2\/media?parent=397"}],"wp:term":[{"taxonomy":"product_brand","embeddable":true,"href":"https:\/\/weedbuster.dk\/sv\/wp-json\/wp\/v2\/product_brand?post=397"},{"taxonomy":"product_cat","embeddable":true,"href":"https:\/\/weedbuster.dk\/sv\/wp-json\/wp\/v2\/product_cat?post=397"},{"taxonomy":"product_tag","embeddable":true,"href":"https:\/\/weedbuster.dk\/sv\/wp-json\/wp\/v2\/product_tag?post=397"}],"curies":[{"name":"wp","href":"https:\/\/api.w.org\/{rel}","templated":true}]}}